{"id":5217,"date":"2023-11-16T13:14:37","date_gmt":"2023-11-16T12:14:37","guid":{"rendered":"http:\/\/adriabus.e-lios.eu\/?page_id=5217"},"modified":"2024-02-16T16:36:21","modified_gmt":"2024-02-16T15:36:21","slug":"comunicazione-e-territorio-locale","status":"publish","type":"page","link":"https:\/\/www.adriabus.eu\/en\/comunicazione\/comunicazione-e-territorio-locale\/","title":{"rendered":"Comunicazione e territorio locale"},"content":{"rendered":"<div id=\"pl-5217\"  class=\"panel-layout\" ><div id=\"pg-5217-0\"  class=\"panel-grid panel-no-style\" ><div id=\"pgc-5217-0-0\"  class=\"panel-grid-cell\" ><div id=\"panel-5217-0-0-0\" class=\"so-panel widget widget_sow-editor panel-first-child panel-last-child\" data-index=\"0\" ><div\n\t\t\t\n\t\t\tclass=\"so-widget-sow-editor so-widget-sow-editor-base\"\n\t\t\t\n\t\t>\n<div class=\"siteorigin-widget-tinymce textwidget\">\n\t<div class=\"siteorigin-widget-tinymce textwidget\">\n<p>1\u00ba Festival dell\u2019Amore\u201d al centro commerciale \u201cLe Cento Vetrine\u201d di Morciola di Vallefoglia.<br \/>\nIl Festival si \u00e8 tenuto venerd\u00ec 14, sabato 15 e domenica 16 febbraio 2020 e la principale tematica oggetto del Festival \u00e8 l\u2019Amore nelle sue pi\u00f9 svariate declinazioni, da quello per la vita, la felicit\u00e0 e il benessere a quello per il lavoro, con uno sguardo pi\u00f9 da vicino al proprio territorio e al tema della sostenibilit\u00e0 ambientale.<\/p>\n<p>&nbsp;<\/p>\n<p><img loading=\"lazy\" decoding=\"async\" class=\"alignnone  wp-image-8561\" src=\"https:\/\/www.adriabus.eu\/wp-content\/uploads\/2024\/02\/AMORE3-300x225.jpg\" alt=\"\" width=\"241\" height=\"181\" srcset=\"https:\/\/www.adriabus.eu\/wp-content\/uploads\/2024\/02\/AMORE3-300x225.jpg 300w, https:\/\/www.adriabus.eu\/wp-content\/uploads\/2024\/02\/AMORE3-1024x768.jpg 1024w, https:\/\/www.adriabus.eu\/wp-content\/uploads\/2024\/02\/AMORE3-768x576.jpg 768w, https:\/\/www.adriabus.eu\/wp-content\/uploads\/2024\/02\/AMORE3-1536x1152.jpg 1536w, https:\/\/www.adriabus.eu\/wp-content\/uploads\/2024\/02\/AMORE3-2048x1536.jpg 2048w\" sizes=\"auto, (max-width: 241px) 100vw, 241px\" \/><\/p>\n<p>&nbsp;<\/p>\n<p>Adriabus ha partecipato al festival affrontando proprio il tema della sostenibilit\u00e0 ambientale esponendo gli ultimi mezzi acquistati a metano, e proponendo per tutti i partecipanti il gioco \u201cAmiamoci\u201d. Un gioco a quiz per testare la conoscenza del regolamento viaggiatori, della carta della mobilit\u00e0 e della mobilit\u00e0 sostenibile, permettendo di vincere un biglietto per viaggiare in bus.<\/p>\n<\/div>\n<p><img loading=\"lazy\" decoding=\"async\" class=\"alignnone size-medium wp-image-8545\" src=\"https:\/\/www.adriabus.eu\/wp-content\/uploads\/2024\/02\/IMG_2313-300x225.jpg\" alt=\"\" width=\"300\" height=\"225\" srcset=\"https:\/\/www.adriabus.eu\/wp-content\/uploads\/2024\/02\/IMG_2313-300x225.jpg 300w, https:\/\/www.adriabus.eu\/wp-content\/uploads\/2024\/02\/IMG_2313-1024x768.jpg 1024w, https:\/\/www.adriabus.eu\/wp-content\/uploads\/2024\/02\/IMG_2313-768x576.jpg 768w, https:\/\/www.adriabus.eu\/wp-content\/uploads\/2024\/02\/IMG_2313-1536x1152.jpg 1536w, https:\/\/www.adriabus.eu\/wp-content\/uploads\/2024\/02\/IMG_2313-2048x1536.jpg 2048w\" sizes=\"auto, (max-width: 300px) 100vw, 300px\" \/> <img loading=\"lazy\" decoding=\"async\" class=\"alignnone size-medium wp-image-8546\" src=\"https:\/\/www.adriabus.eu\/wp-content\/uploads\/2024\/02\/IMG_2324-225x300.jpg\" alt=\"\" width=\"225\" height=\"300\" srcset=\"https:\/\/www.adriabus.eu\/wp-content\/uploads\/2024\/02\/IMG_2324-225x300.jpg 225w, https:\/\/www.adriabus.eu\/wp-content\/uploads\/2024\/02\/IMG_2324-768x1024.jpg 768w, https:\/\/www.adriabus.eu\/wp-content\/uploads\/2024\/02\/IMG_2324-1152x1536.jpg 1152w, https:\/\/www.adriabus.eu\/wp-content\/uploads\/2024\/02\/IMG_2324-1536x2048.jpg 1536w, https:\/\/www.adriabus.eu\/wp-content\/uploads\/2024\/02\/IMG_2324-scaled.jpg 1920w\" sizes=\"auto, (max-width: 225px) 100vw, 225px\" \/><\/p>\n<\/div>\n<\/div><\/div><\/div><\/div><\/div>","protected":false},"excerpt":{"rendered":"<p>1\u00ba Festival dell\u2019Amore\u201d al centro commerciale \u201cLe Cento Vetrine\u201d di Morciola di Vallefoglia. Il Festival si \u00e8 tenuto venerd\u00ec 14, sabato 15 e domenica 16 [&#8230;]<\/p>\n","protected":false},"author":4,"featured_media":0,"parent":179,"menu_order":0,"comment_status":"closed","ping_status":"closed","template":"page-templates\/left-sidebarpage.php","meta":{"_acf_changed":false,"footnotes":""},"class_list":["post-5217","page","type-page","status-publish","hentry"],"translation":{"provider":"WPGlobus","version":"3.0.2","language":"en","enabled_languages":["it","en"],"languages":{"it":{"title":true,"content":true,"excerpt":false},"en":{"title":false,"content":false,"excerpt":false}}},"acf":[],"yoast_head":"<!-- This site is optimized with the Yoast SEO plugin v27.0 - https:\/\/yoast.com\/product\/yoast-seo-wordpress\/ -->\n<title>Comunicazione e territorio locale - Adriabus<\/title>\n<meta name=\"robots\" content=\"index, follow, max-snippet:-1, max-image-preview:large, max-video-preview:-1\" \/>\n<link rel=\"canonical\" href=\"https:\/\/www.adriabus.eu\/comunicazione\/comunicazione-e-territorio-locale\/\" \/>\n<meta property=\"og:locale\" content=\"en_US\" \/>\n<meta property=\"og:type\" content=\"article\" \/>\n<meta property=\"og:title\" content=\"Comunicazione e territorio locale - Adriabus\" \/>\n<meta property=\"og:url\" content=\"https:\/\/www.adriabus.eu\/comunicazione\/comunicazione-e-territorio-locale\/\" \/>\n<meta property=\"og:site_name\" content=\"Adriabus\" \/>\n<meta property=\"article:modified_time\" content=\"2024-02-16T15:36:21+00:00\" \/>\n<meta property=\"og:image\" content=\"https:\/\/www.adriabus.eu\/wp-content\/uploads\/2024\/02\/AMORE3-300x225.jpg\" \/>\n<meta name=\"twitter:card\" content=\"summary_large_image\" \/>\n<meta name=\"twitter:label1\" content=\"Est. reading time\" \/>\n\t<meta name=\"twitter:data1\" content=\"1 minute\" \/>\n<script type=\"application\/ld+json\" class=\"yoast-schema-graph\">{\"@context\":\"https:\/\/schema.org\",\"@graph\":[{\"@type\":\"WebPage\",\"@id\":\"https:\/\/www.adriabus.eu\/comunicazione\/comunicazione-e-territorio-locale\/\",\"url\":\"https:\/\/www.adriabus.eu\/comunicazione\/comunicazione-e-territorio-locale\/\",\"name\":\"Comunicazione e territorio locale - Adriabus\",\"isPartOf\":{\"@id\":\"https:\/\/www.adriabus.eu\/#website\"},\"primaryImageOfPage\":{\"@id\":\"https:\/\/www.adriabus.eu\/comunicazione\/comunicazione-e-territorio-locale\/#primaryimage\"},\"image\":{\"@id\":\"https:\/\/www.adriabus.eu\/comunicazione\/comunicazione-e-territorio-locale\/#primaryimage\"},\"thumbnailUrl\":\"https:\/\/www.adriabus.eu\/wp-content\/uploads\/2024\/02\/AMORE3-300x225.jpg\",\"datePublished\":\"2023-11-16T12:14:37+00:00\",\"dateModified\":\"2024-02-16T15:36:21+00:00\",\"breadcrumb\":{\"@id\":\"https:\/\/www.adriabus.eu\/comunicazione\/comunicazione-e-territorio-locale\/#breadcrumb\"},\"inLanguage\":\"en-US\",\"potentialAction\":[{\"@type\":\"ReadAction\",\"target\":[\"https:\/\/www.adriabus.eu\/comunicazione\/comunicazione-e-territorio-locale\/\"]}]},{\"@type\":\"ImageObject\",\"inLanguage\":\"en-US\",\"@id\":\"https:\/\/www.adriabus.eu\/comunicazione\/comunicazione-e-territorio-locale\/#primaryimage\",\"url\":\"https:\/\/www.adriabus.eu\/wp-content\/uploads\/2024\/02\/AMORE3-300x225.jpg\",\"contentUrl\":\"https:\/\/www.adriabus.eu\/wp-content\/uploads\/2024\/02\/AMORE3-300x225.jpg\"},{\"@type\":\"BreadcrumbList\",\"@id\":\"https:\/\/www.adriabus.eu\/comunicazione\/comunicazione-e-territorio-locale\/#breadcrumb\",\"itemListElement\":[{\"@type\":\"ListItem\",\"position\":1,\"name\":\"Home\",\"item\":\"https:\/\/www.adriabus.eu\/\"},{\"@type\":\"ListItem\",\"position\":2,\"name\":\"Comunicazione\",\"item\":\"https:\/\/www.adriabus.eu\/comunicazione\/\"},{\"@type\":\"ListItem\",\"position\":3,\"name\":\"Comunicazione e territorio locale\"}]},{\"@type\":\"WebSite\",\"@id\":\"https:\/\/www.adriabus.eu\/#website\",\"url\":\"https:\/\/www.adriabus.eu\/\",\"name\":\"Adriabus\",\"description\":\"\",\"publisher\":{\"@id\":\"https:\/\/www.adriabus.eu\/#organization\"},\"potentialAction\":[{\"@type\":\"SearchAction\",\"target\":{\"@type\":\"EntryPoint\",\"urlTemplate\":\"https:\/\/www.adriabus.eu\/?s={search_term_string}\"},\"query-input\":{\"@type\":\"PropertyValueSpecification\",\"valueRequired\":true,\"valueName\":\"search_term_string\"}}],\"inLanguage\":\"en-US\"},{\"@type\":\"Organization\",\"@id\":\"https:\/\/www.adriabus.eu\/#organization\",\"name\":\"Adriabus\",\"url\":\"https:\/\/www.adriabus.eu\/\",\"logo\":{\"@type\":\"ImageObject\",\"inLanguage\":\"en-US\",\"@id\":\"https:\/\/www.adriabus.eu\/#\/schema\/logo\/image\/\",\"url\":\"https:\/\/www.adriabus.eu\/wp-content\/uploads\/2020\/05\/adriabus-logos_transparent.png\",\"contentUrl\":\"https:\/\/www.adriabus.eu\/wp-content\/uploads\/2020\/05\/adriabus-logos_transparent.png\",\"width\":283,\"height\":69,\"caption\":\"Adriabus\"},\"image\":{\"@id\":\"https:\/\/www.adriabus.eu\/#\/schema\/logo\/image\/\"}}]}<\/script>\n<!-- \/ Yoast SEO plugin. -->","yoast_head_json":{"title":"Comunicazione e territorio locale - Adriabus","robots":{"index":"index","follow":"follow","max-snippet":"max-snippet:-1","max-image-preview":"max-image-preview:large","max-video-preview":"max-video-preview:-1"},"canonical":"https:\/\/www.adriabus.eu\/comunicazione\/comunicazione-e-territorio-locale\/","og_locale":"en_US","og_type":"article","og_title":"Comunicazione e territorio locale - Adriabus","og_url":"https:\/\/www.adriabus.eu\/comunicazione\/comunicazione-e-territorio-locale\/","og_site_name":"Adriabus","article_modified_time":"2024-02-16T15:36:21+00:00","og_image":[{"url":"https:\/\/www.adriabus.eu\/wp-content\/uploads\/2024\/02\/AMORE3-300x225.jpg","type":"","width":"","height":""}],"twitter_card":"summary_large_image","twitter_misc":{"Est. reading time":"1 minute"},"schema":{"@context":"https:\/\/schema.org","@graph":[{"@type":"WebPage","@id":"https:\/\/www.adriabus.eu\/comunicazione\/comunicazione-e-territorio-locale\/","url":"https:\/\/www.adriabus.eu\/comunicazione\/comunicazione-e-territorio-locale\/","name":"Comunicazione e territorio locale - Adriabus","isPartOf":{"@id":"https:\/\/www.adriabus.eu\/#website"},"primaryImageOfPage":{"@id":"https:\/\/www.adriabus.eu\/comunicazione\/comunicazione-e-territorio-locale\/#primaryimage"},"image":{"@id":"https:\/\/www.adriabus.eu\/comunicazione\/comunicazione-e-territorio-locale\/#primaryimage"},"thumbnailUrl":"https:\/\/www.adriabus.eu\/wp-content\/uploads\/2024\/02\/AMORE3-300x225.jpg","datePublished":"2023-11-16T12:14:37+00:00","dateModified":"2024-02-16T15:36:21+00:00","breadcrumb":{"@id":"https:\/\/www.adriabus.eu\/comunicazione\/comunicazione-e-territorio-locale\/#breadcrumb"},"inLanguage":"en-US","potentialAction":[{"@type":"ReadAction","target":["https:\/\/www.adriabus.eu\/comunicazione\/comunicazione-e-territorio-locale\/"]}]},{"@type":"ImageObject","inLanguage":"en-US","@id":"https:\/\/www.adriabus.eu\/comunicazione\/comunicazione-e-territorio-locale\/#primaryimage","url":"https:\/\/www.adriabus.eu\/wp-content\/uploads\/2024\/02\/AMORE3-300x225.jpg","contentUrl":"https:\/\/www.adriabus.eu\/wp-content\/uploads\/2024\/02\/AMORE3-300x225.jpg"},{"@type":"BreadcrumbList","@id":"https:\/\/www.adriabus.eu\/comunicazione\/comunicazione-e-territorio-locale\/#breadcrumb","itemListElement":[{"@type":"ListItem","position":1,"name":"Home","item":"https:\/\/www.adriabus.eu\/"},{"@type":"ListItem","position":2,"name":"Comunicazione","item":"https:\/\/www.adriabus.eu\/comunicazione\/"},{"@type":"ListItem","position":3,"name":"Comunicazione e territorio locale"}]},{"@type":"WebSite","@id":"https:\/\/www.adriabus.eu\/#website","url":"https:\/\/www.adriabus.eu\/","name":"Adriabus","description":"","publisher":{"@id":"https:\/\/www.adriabus.eu\/#organization"},"potentialAction":[{"@type":"SearchAction","target":{"@type":"EntryPoint","urlTemplate":"https:\/\/www.adriabus.eu\/?s={search_term_string}"},"query-input":{"@type":"PropertyValueSpecification","valueRequired":true,"valueName":"search_term_string"}}],"inLanguage":"en-US"},{"@type":"Organization","@id":"https:\/\/www.adriabus.eu\/#organization","name":"Adriabus","url":"https:\/\/www.adriabus.eu\/","logo":{"@type":"ImageObject","inLanguage":"en-US","@id":"https:\/\/www.adriabus.eu\/#\/schema\/logo\/image\/","url":"https:\/\/www.adriabus.eu\/wp-content\/uploads\/2020\/05\/adriabus-logos_transparent.png","contentUrl":"https:\/\/www.adriabus.eu\/wp-content\/uploads\/2020\/05\/adriabus-logos_transparent.png","width":283,"height":69,"caption":"Adriabus"},"image":{"@id":"https:\/\/www.adriabus.eu\/#\/schema\/logo\/image\/"}}]}},"_links":{"self":[{"href":"https:\/\/www.adriabus.eu\/en\/wp-json\/wp\/v2\/pages\/5217","targetHints":{"allow":["GET"]}}],"collection":[{"href":"https:\/\/www.adriabus.eu\/en\/wp-json\/wp\/v2\/pages"}],"about":[{"href":"https:\/\/www.adriabus.eu\/en\/wp-json\/wp\/v2\/types\/page"}],"author":[{"embeddable":true,"href":"https:\/\/www.adriabus.eu\/en\/wp-json\/wp\/v2\/users\/4"}],"replies":[{"embeddable":true,"href":"https:\/\/www.adriabus.eu\/en\/wp-json\/wp\/v2\/comments?post=5217"}],"version-history":[{"count":3,"href":"https:\/\/www.adriabus.eu\/en\/wp-json\/wp\/v2\/pages\/5217\/revisions"}],"predecessor-version":[{"id":8562,"href":"https:\/\/www.adriabus.eu\/en\/wp-json\/wp\/v2\/pages\/5217\/revisions\/8562"}],"up":[{"embeddable":true,"href":"https:\/\/www.adriabus.eu\/en\/wp-json\/wp\/v2\/pages\/179"}],"wp:attachment":[{"href":"https:\/\/www.adriabus.eu\/en\/wp-json\/wp\/v2\/media?parent=5217"}],"curies":[{"name":"wp","href":"https:\/\/api.w.org\/{rel}","templated":true}]}}