{"id":336,"date":"2020-10-16T18:20:59","date_gmt":"2020-10-16T16:20:59","guid":{"rendered":"http:\/\/adriabus.e-lios.eu\/?page_id=336"},"modified":"2024-10-18T11:16:08","modified_gmt":"2024-10-18T09:16:08","slug":"regolamento-viaggiatori","status":"publish","type":"page","link":"https:\/\/www.adriabus.eu\/en\/regolamento-viaggiatori\/","title":{"rendered":"Regolamento viaggiatori"},"content":{"rendered":"<p>DISPOSIZIONI DI INDIRIZZO PER L\u2019UTILIZZO DEI MEZZI ADIBITI AL SERVIZIO DI TRASPORTO PUBBLICO LOCALE SU GOMMA DA PARTE DEI VIAGGIATORI ( L.R. 24 dicembre 1998, n. 45, art. 6 comma 1, lettera l )<\/p>\n<h3>Art. 1 Obbligo del Trasporto<\/h3>\n<p>L\u2019Azienda esercita sulle linee automobilistiche da essa esercitata, alle condizioni ed alle tariffe in vigore, il trasporto di persone, colli a mano ed animali al seguito, secondo le condizioni generali stabilite nel Contratto di Servizio.<\/p>\n<h3>Art. 2 Pubblicazione Orari<\/h3>\n<p>L\u2019Azienda espone l\u2019orario ufficiale delle corse \u2013 e le relative tariffe &#8211; nei propri locali, nei capolinea e nei punti di fermata. Gli orari esposti al pubblico possono subire variazioni che debbono essere preventivamente rese note all\u2019utenza.<\/p>\n<h3>Art. 3 Condizioni e tariffe<\/h3>\n<p>Le presenti condizioni e tariffe, debitamente approvate dalla Regione Marche, sono integralmente applicabili. Qualsiasi modifica deve essere preventivamente autorizzata e resa nota all\u2019utenza mediante pubblicazione.<\/p>\n<h3>Art. 4 Accesso agli autobus<\/h3>\n<p>L\u2019accesso agli autobus avviene esclusivamente in corrispondenza delle fermate poste lungo le linee esercitate dalle singole aziende. Il passeggero deve segnalare con chiarezza e per tempo l\u2019intenzione di salire in vettura. Il passeggero in attesa di scendere deve manifestare per tempo la propria intenzione utilizzando gli appositi pulsanti di richiesta fermata. La salita e la discesa debbono avvenire esclusivamente dalla porta prescritta .<\/p>\n<h3>Art. 5 Comportamento in vettura<\/h3>\n<p>Ai passeggeri degli autobus \u00e8 vietato:<\/p>\n<ul>\n<li>Salire e scendere dalla vettura in punti diversi da quelli segnalati come fermate;<\/li>\n<li>Avere comportamenti tali da recare disturbo al conducente del mezzo ed agli altri viaggiatori;<\/li>\n<li>Fumare in vettura;<\/li>\n<li>Occupare pi\u00f9 di un posto a sedere senza munirsi del relativo titolo di viaggio e\/o ingombrare in qualsiasi modo uscite o passaggi;<\/li>\n<li>Danneggiare o insudiciare i veicoli, le pareti, gli accessori e suppellettili;<\/li>\n<li>Esercitare attivit\u00e0 pubblicitarie e\/o commerciali, anche se a scopo benefico, senza il consenso della Societ\u00e0 di Gestione;<\/li>\n<li>Accedere in vettura con armi e materiali compresi tra quelli classificati nocivi e pericolosi o con oggetti ed involucri che per volume, forma e natura possano risultare pericolosi per i viaggiatori e\/o arrecare danni alla vettura;<\/li>\n<li>Salire sull\u2019autobus in stato di ebbrezza o in condizioni fisiche o psicofisiche tali da arrecare danno a s\u00e9 ed agli altri occupanti del mezzo;<\/li>\n<li>Sporgersi o gettare oggetti dai finestrini;<\/li>\n<li>Aprire i finestrini dell\u2019autobus senza l\u2019assenso dei viaggiatori interessati. Nei casi di manifesto disturbo arrecato agli altri viaggiatori il personale di servizio pu\u00f2 invitare i responsabili della turbativa a scendere dall\u2019autobus anche ricorrendo all\u2019intervento delle Forze dell\u2019Ordine. I passeggeri sono tenuti a:\n<ul>\n<li>Cedere il posto ai mutilati ed invalidi, per i quali sono riservati posti in vettura, nonch\u00e9 agevolare le persone anziane e le donne in stato di gravidanza e\/o persone con bambini non autosufficienti al seguito;<\/li>\n<li>Informare il conducente sugli eventuali oggetti smarriti rinvenuti a bordo del mezzo.<\/li>\n<\/ul>\n<\/li>\n<\/ul>\n<h3>Art. 6 Documenti di viaggio<\/h3>\n<p>Gli utenti dei servizi di autotrasporto pubblico di linea debbono munirsi di valido ed idoneo titolo di viaggio acquistato a terra o tramite App Adriabus o MOONEYGO. Il titolo di viaggio deve sempre essere convalidato. Non \u00e8 cedibile e dovr\u00e0 essere conservato integro e riconoscibile dall\u2019utente per l\u2019intero percorso o per tutto il tempo della sua validit\u00e0 ed esibito su richiesta del personale incaricato. I titoli di viaggio che necessitano di convalida debbono essere obliterati immediatamente all\u2019inizio della corsa. In caso di mancato o inidoneo funzionamento dell\u2019apparecchiatura di convalida del titolo di viaggio il viaggiatore dovr\u00e0 darne immediata comunicazione al conducente affinch\u00e9 questi lo possa convalidare. I passeggeri muniti di abbonamento, all\u2019atto della salita a bordo, debbono esibire al conducente dell\u2019autobus il regolare abbonamento. Il titolo di viaggio, ove richiesto, va convalidato all\u2019inizio del percorso ed in ogni caso prima di raggiungere la fermata immediatamente successiva. Nel caso di abbonamenti acquistati presso rivendite autorizzate la convalida deve essere effettuata al momento del suo primo utilizzo. Il diritto a viaggiare decade al termine del percorso corrispondente al valore del titolo di viaggio posseduto. Nel caso di biglietti con validit\u00e0 oraria sono ammesse soste intermedie e l\u2019utilizzo di pi\u00f9 mezzi nel limite del tempo prefissato. I documenti di viaggio che richiedano la compilazione di dati a cura dell\u2019interessato debbono essere regolarmente compilati per essere validi. La tipologia dei biglietti e degli abbonamenti e le relative tariffe sono stabilite dalla Regione Marche e\/o dalla Amministrazione comunale competente che vi provvedono con appositi atti amministrativi. Il possesso di un titolo di viaggio non obliterato o convalidato non abilita a viaggiare e l\u2019utente viene considerato con titolo di viaggio non valido e passibile di sanzione amministrativa.<\/p>\n<h3>Art. 7 Controlli, sanzioni e norme generali<\/h3>\n<p>Il viaggiatore, quando richiesto, \u00e8 tenuto a fornire le proprie generalit\u00e0 al personale addetto al controllo di vigilanza. Detto personale nello svolgimento delle funzioni di accertamento e contestazione delle irregolarit\u00e0 dei titoli di viaggio acquisisce la qualifica di pubblico ufficiale ai sensi dell\u2019art. 357 del Codice Penale. Il viaggiatore sprovvisto di documento di identit\u00e0 pu\u00f2 essere invitato a discendere dal mezzo e sottoposto ad identificazione presso la competente autorit\u00e0 di polizia. Il viaggiatore che all\u2019atto controllo risulti sprovvisto del titolo di viaggio o presenti un titolo di viaggio comunque non valido ( biglietto o abbonamento non convalidato, scaduto o non accompagnato dai documenti richiesti ) \u00e8 tenuto altre al pagamento del biglietto di corsa semplice anche al pagamento di una sanzione amministrativa nella misura stabilita dalla legge regionale vigente in materia.<\/p>\n<h3>Art. 8 Trasporto bambini<\/h3>\n<p>I bambini di et\u00e0 inferiore ai 6 anni sono trasportati gratuitamente purch\u00e9 non occupino posti a sedere e siano accompagnati singolarmente da persona adulta. E\u2019 consentito trasportare gratuitamente passeggini per bambini piegati in modo tale da ridurre l\u2019ingombro.<\/p>\n<h3>Art. 9 Trasporto bagagli<\/h3>\n<p>Il passeggero munito di regolare documento di viaggio pu\u00f2 trasportare gratuitamente un collo di dimensioni non superiori a cm. 75x50x25 e di peso non superiore a 10 chilogrammi. L\u2019ammissibilit\u00e0 di ulteriori colli \u00e8 subordinata alla disponibilit\u00e0 di spazio e di peso e al pagamento della tariffa in vigore. Non \u00e8 ammesso in nessun caso, il trasporto di oggetti ingombranti, sudici o pericolosi. Il trasporto di bagagli, pacchi o colli non accompagnati \u00e8 consentito soltanto sugli autobus provvisti di bagagliaio.<\/p>\n<h3>Art. 10 Trasporto animali domestici<\/h3>\n<p>Sugli autobus in servizio di linea il viaggiatore pu\u00f2 portare con se, previo pagamento di un ulteriore biglietto, nei limiti consentiti dalle norme vigenti, un animale di piccola taglia purch\u00e9 tenuto in modo da non arrecare molestia agli altri passeggeri o danno al mezzo e\/o alle cose trasportate. I cani debbono essere muniti museruola a maglie fitte e tenuti al guinzaglio. E\u2019 consentito il trasporto gratuito di cani accompagnatori di non vedenti &#8211; purch\u00e9 muniti di museruola a maglie fitte e tenuti al guinzaglio &#8211; e cani poliziotto . Qualora un animale insudici, deteriori la vettura o provochi danni a persone o cose, il passeggero che lo accompagna \u00e8 tenuto al risarcimento del danno.<\/p>\n<h3>Art. 11 Libera circolazione<\/h3>\n<p>Hanno diritto alla libera circolazione sugli automezzi di trasporto pubblico i dipendenti della Regione, delle Province e dei Comuni che svolgono su di essi compiti di controllo e vigilanza, purch\u00e9 adeguatamente e preventivamente segnalati alle societ\u00e0 di gestione e muniti di apposita tessera di riconoscimento. Hanno inoltre diritto alla libera circolazione sui mezzi di trasporto pubblico locale su gomma, ai sensi dell\u2019articolo 22, comma 3, della L.R. 24 Dicembre 1998, n. 45, come modificato dall\u2019articolo 24, comma 2, della L.R. 24 Dicembre 2004, n. 29, gli appartenenti alle Forze di Polizia.<\/p>\n<h3>Art. 12 Informazioni, Suggerimenti e Reclami<\/h3>\n<p>Per informazioni o segnalazioni il cliente pu\u00f2 fare riferimento al centralino aziendale o al numero verde attrezzato a tale scopo; Gli utenti possono segnalare all\u2019azienda esercente il servizio, a mezzo lettera o fax, eventuali reclami o suggerimenti relativi al servizio. L\u2019azienda dovr\u00e0 evadere tutti i reclami scritti, con risposta motivata, entro 30 giorni dalla data di ricevimento.<\/p>\n<h3>Art. 13 Smarrimento di oggetti personali<\/h3>\n<p>Il passeggero pu\u00f2 rivolgersi al centralino aziendale, al numero verde o al call-center, per informarsi in merito a oggetti che lo stesso ritiene di aver smarrito a bordo degli autobus. L\u2019azienda terr\u00e0 a disposizione gli oggetti smarriti rinvenuti a bordo dei mezzi per 10 giorni dal rinvenimento, dopodich\u00e9 applicher\u00e0 le disposizioni previste dall\u2019art. 927 e successivi del Codice Civile.<\/p>\n<h3>Art. 14 Infortuni sui mezzi<\/h3>\n<p>In caso di infortuni, cadute, incidenti o altro verificatisi a bordo delle vetture, i passeggeri debbono segnalare immediatamente al conducente il danno subito e successivamente, comunque non oltre il termine di 10 giorni dal verificarsi dell\u2019evento, alla societ\u00e0 esercente il servizio con lettera raccomandata A\/R. La denuncia deve contenere la descrizione del fatto, il numero di targa della vettura, il nominativo e l\u2019indirizzo di eventuali testimoni ed una certificazione medica in caso di infortunio . L\u2019azienda esercente il servizio di trasporto provveder\u00e0 a denunciare l\u2019infortunio alla Compagnia Assicuratrice.<\/p>\n","protected":false},"excerpt":{"rendered":"<p>DISPOSIZIONI DI INDIRIZZO PER L\u2019UTILIZZO DEI MEZZI ADIBITI AL SERVIZIO DI TRASPORTO PUBBLICO LOCALE SU GOMMA DA PARTE DEI VIAGGIATORI ( L.R. 24 dicembre 1998, [&#8230;]<\/p>\n","protected":false},"author":4,"featured_media":0,"parent":0,"menu_order":0,"comment_status":"closed","ping_status":"closed","template":"page-templates\/left-sidebarpage.php","meta":{"_acf_changed":false,"footnotes":""},"class_list":["post-336","page","type-page","status-publish","hentry"],"translation":{"provider":"WPGlobus","version":"3.0.2","language":"en","enabled_languages":["it","en"],"languages":{"it":{"title":true,"content":true,"excerpt":false},"en":{"title":false,"content":false,"excerpt":false}}},"acf":[],"yoast_head":"<!-- This site is optimized with the Yoast SEO plugin v27.0 - https:\/\/yoast.com\/product\/yoast-seo-wordpress\/ -->\n<title>Regolamento viaggiatori - Adriabus<\/title>\n<meta name=\"robots\" content=\"index, follow, max-snippet:-1, max-image-preview:large, max-video-preview:-1\" \/>\n<link rel=\"canonical\" href=\"https:\/\/www.adriabus.eu\/regolamento-viaggiatori\/\" \/>\n<meta property=\"og:locale\" content=\"en_US\" \/>\n<meta property=\"og:type\" content=\"article\" \/>\n<meta property=\"og:title\" content=\"Regolamento viaggiatori - Adriabus\" \/>\n<meta property=\"og:url\" content=\"https:\/\/www.adriabus.eu\/regolamento-viaggiatori\/\" \/>\n<meta property=\"og:site_name\" content=\"Adriabus\" \/>\n<meta property=\"article:modified_time\" content=\"2024-10-18T09:16:08+00:00\" \/>\n<meta property=\"og:image\" content=\"https:\/\/www.adriabus.eu\/wp-content\/uploads\/2020\/05\/header-1.png\" \/>\n\t<meta property=\"og:image:width\" content=\"1930\" \/>\n\t<meta property=\"og:image:height\" content=\"545\" \/>\n\t<meta property=\"og:image:type\" content=\"image\/png\" \/>\n<meta name=\"twitter:card\" content=\"summary_large_image\" \/>\n<meta name=\"twitter:label1\" content=\"Est. reading time\" \/>\n\t<meta name=\"twitter:data1\" content=\"7 minutes\" \/>\n<script type=\"application\/ld+json\" class=\"yoast-schema-graph\">{\"@context\":\"https:\/\/schema.org\",\"@graph\":[{\"@type\":\"WebPage\",\"@id\":\"https:\/\/www.adriabus.eu\/regolamento-viaggiatori\/\",\"url\":\"https:\/\/www.adriabus.eu\/regolamento-viaggiatori\/\",\"name\":\"Regolamento viaggiatori - Adriabus\",\"isPartOf\":{\"@id\":\"https:\/\/www.adriabus.eu\/#website\"},\"datePublished\":\"2020-10-16T16:20:59+00:00\",\"dateModified\":\"2024-10-18T09:16:08+00:00\",\"breadcrumb\":{\"@id\":\"https:\/\/www.adriabus.eu\/regolamento-viaggiatori\/#breadcrumb\"},\"inLanguage\":\"en-US\",\"potentialAction\":[{\"@type\":\"ReadAction\",\"target\":[\"https:\/\/www.adriabus.eu\/regolamento-viaggiatori\/\"]}]},{\"@type\":\"BreadcrumbList\",\"@id\":\"https:\/\/www.adriabus.eu\/regolamento-viaggiatori\/#breadcrumb\",\"itemListElement\":[{\"@type\":\"ListItem\",\"position\":1,\"name\":\"Home\",\"item\":\"https:\/\/www.adriabus.eu\/\"},{\"@type\":\"ListItem\",\"position\":2,\"name\":\"Regolamento viaggiatori\"}]},{\"@type\":\"WebSite\",\"@id\":\"https:\/\/www.adriabus.eu\/#website\",\"url\":\"https:\/\/www.adriabus.eu\/\",\"name\":\"Adriabus\",\"description\":\"\",\"publisher\":{\"@id\":\"https:\/\/www.adriabus.eu\/#organization\"},\"potentialAction\":[{\"@type\":\"SearchAction\",\"target\":{\"@type\":\"EntryPoint\",\"urlTemplate\":\"https:\/\/www.adriabus.eu\/?s={search_term_string}\"},\"query-input\":{\"@type\":\"PropertyValueSpecification\",\"valueRequired\":true,\"valueName\":\"search_term_string\"}}],\"inLanguage\":\"en-US\"},{\"@type\":\"Organization\",\"@id\":\"https:\/\/www.adriabus.eu\/#organization\",\"name\":\"Adriabus\",\"url\":\"https:\/\/www.adriabus.eu\/\",\"logo\":{\"@type\":\"ImageObject\",\"inLanguage\":\"en-US\",\"@id\":\"https:\/\/www.adriabus.eu\/#\/schema\/logo\/image\/\",\"url\":\"https:\/\/www.adriabus.eu\/wp-content\/uploads\/2020\/05\/adriabus-logos_transparent.png\",\"contentUrl\":\"https:\/\/www.adriabus.eu\/wp-content\/uploads\/2020\/05\/adriabus-logos_transparent.png\",\"width\":283,\"height\":69,\"caption\":\"Adriabus\"},\"image\":{\"@id\":\"https:\/\/www.adriabus.eu\/#\/schema\/logo\/image\/\"}}]}<\/script>\n<!-- \/ Yoast SEO plugin. -->","yoast_head_json":{"title":"Regolamento viaggiatori - Adriabus","robots":{"index":"index","follow":"follow","max-snippet":"max-snippet:-1","max-image-preview":"max-image-preview:large","max-video-preview":"max-video-preview:-1"},"canonical":"https:\/\/www.adriabus.eu\/regolamento-viaggiatori\/","og_locale":"en_US","og_type":"article","og_title":"Regolamento viaggiatori - Adriabus","og_url":"https:\/\/www.adriabus.eu\/regolamento-viaggiatori\/","og_site_name":"Adriabus","article_modified_time":"2024-10-18T09:16:08+00:00","og_image":[{"width":1930,"height":545,"url":"https:\/\/www.adriabus.eu\/wp-content\/uploads\/2020\/05\/header-1.png","type":"image\/png"}],"twitter_card":"summary_large_image","twitter_misc":{"Est. reading time":"7 minutes"},"schema":{"@context":"https:\/\/schema.org","@graph":[{"@type":"WebPage","@id":"https:\/\/www.adriabus.eu\/regolamento-viaggiatori\/","url":"https:\/\/www.adriabus.eu\/regolamento-viaggiatori\/","name":"Regolamento viaggiatori - Adriabus","isPartOf":{"@id":"https:\/\/www.adriabus.eu\/#website"},"datePublished":"2020-10-16T16:20:59+00:00","dateModified":"2024-10-18T09:16:08+00:00","breadcrumb":{"@id":"https:\/\/www.adriabus.eu\/regolamento-viaggiatori\/#breadcrumb"},"inLanguage":"en-US","potentialAction":[{"@type":"ReadAction","target":["https:\/\/www.adriabus.eu\/regolamento-viaggiatori\/"]}]},{"@type":"BreadcrumbList","@id":"https:\/\/www.adriabus.eu\/regolamento-viaggiatori\/#breadcrumb","itemListElement":[{"@type":"ListItem","position":1,"name":"Home","item":"https:\/\/www.adriabus.eu\/"},{"@type":"ListItem","position":2,"name":"Regolamento viaggiatori"}]},{"@type":"WebSite","@id":"https:\/\/www.adriabus.eu\/#website","url":"https:\/\/www.adriabus.eu\/","name":"Adriabus","description":"","publisher":{"@id":"https:\/\/www.adriabus.eu\/#organization"},"potentialAction":[{"@type":"SearchAction","target":{"@type":"EntryPoint","urlTemplate":"https:\/\/www.adriabus.eu\/?s={search_term_string}"},"query-input":{"@type":"PropertyValueSpecification","valueRequired":true,"valueName":"search_term_string"}}],"inLanguage":"en-US"},{"@type":"Organization","@id":"https:\/\/www.adriabus.eu\/#organization","name":"Adriabus","url":"https:\/\/www.adriabus.eu\/","logo":{"@type":"ImageObject","inLanguage":"en-US","@id":"https:\/\/www.adriabus.eu\/#\/schema\/logo\/image\/","url":"https:\/\/www.adriabus.eu\/wp-content\/uploads\/2020\/05\/adriabus-logos_transparent.png","contentUrl":"https:\/\/www.adriabus.eu\/wp-content\/uploads\/2020\/05\/adriabus-logos_transparent.png","width":283,"height":69,"caption":"Adriabus"},"image":{"@id":"https:\/\/www.adriabus.eu\/#\/schema\/logo\/image\/"}}]}},"_links":{"self":[{"href":"https:\/\/www.adriabus.eu\/en\/wp-json\/wp\/v2\/pages\/336","targetHints":{"allow":["GET"]}}],"collection":[{"href":"https:\/\/www.adriabus.eu\/en\/wp-json\/wp\/v2\/pages"}],"about":[{"href":"https:\/\/www.adriabus.eu\/en\/wp-json\/wp\/v2\/types\/page"}],"author":[{"embeddable":true,"href":"https:\/\/www.adriabus.eu\/en\/wp-json\/wp\/v2\/users\/4"}],"replies":[{"embeddable":true,"href":"https:\/\/www.adriabus.eu\/en\/wp-json\/wp\/v2\/comments?post=336"}],"version-history":[{"count":3,"href":"https:\/\/www.adriabus.eu\/en\/wp-json\/wp\/v2\/pages\/336\/revisions"}],"predecessor-version":[{"id":9277,"href":"https:\/\/www.adriabus.eu\/en\/wp-json\/wp\/v2\/pages\/336\/revisions\/9277"}],"wp:attachment":[{"href":"https:\/\/www.adriabus.eu\/en\/wp-json\/wp\/v2\/media?parent=336"}],"curies":[{"name":"wp","href":"https:\/\/api.w.org\/{rel}","templated":true}]}}