{"id":196,"date":"2020-05-29T12:18:47","date_gmt":"2020-05-29T10:18:47","guid":{"rendered":"http:\/\/adriabus.e-lios.eu\/?page_id=196"},"modified":"2021-02-17T14:24:27","modified_gmt":"2021-02-17T13:24:27","slug":"oggetti-smarriti","status":"publish","type":"page","link":"https:\/\/www.adriabus.eu\/en\/oggetti-smarriti\/","title":{"rendered":"Oggetti smarriti"},"content":{"rendered":"\r\n<p>La rete di Adriabus si avvale di numerose Sedi e depositi nei quali i mezzi vengono approntati e ripuliti per il servizio del giorno successivo.\u00a0<br \/>Gli oggetti ritrovati dentro i bus vengono allora catalogati per tipologia, data e luogo del ritrovamento. Occorre segnalare lo smarrimento il giorno successivo alla perdita e fornire il maggior numero di dettagli per avere maggiori possibilit\u00e0 di rintracciare ci\u00f2 che si \u00e8 dimenticato a bordo.\u00a0<\/p>\r\n<p>Anche se<strong> Adriabus declina ogni responsabilit\u00e0 per lo smarrimento a bordo degli autobus di qualsiasi tipo di oggetto<\/strong>, ad ogni segnalazione effettuata viene comunque attivata una procedura di ricerca. E\u2019 quindi necessario contattare il callcenter, indicare le proprie generalit\u00e0 complete di recapito e con ogni particolare utile ad identificare con precisione i termini e le circostanze dello smarrimento (data dell\u2019evento, ora, luogo, linea, ecc.).\u00a0<\/p>\r\n<p>Nel caso di borse, zaini o sacche specificare il contenuto, il colore ed eventuale marchio. Adriabus si impegna a fornire al cliente una risposta (mail,\u00a0telefonata), appena terminata la procedura di ricerca. Gli oggetti potranno essere ritirati dai legittimi proprietari presso la sede del deposito che verr\u00e0 comunicata, entro 10 giorni dallo smarrimento, trascorso tale termine verranno inviati alla Polizia Municipale del Comune di competenza.<\/p>\r\n","protected":false},"excerpt":{"rendered":"<p>La rete di Adriabus si avvale di numerose Sedi e depositi nei quali i mezzi vengono approntati e ripuliti per il servizio del giorno successivo.\u00a0Gli [&#8230;]<\/p>\n","protected":false},"author":1,"featured_media":0,"parent":0,"menu_order":0,"comment_status":"closed","ping_status":"closed","template":"page-templates\/left-sidebarpage.php","meta":{"_acf_changed":false,"footnotes":""},"class_list":["post-196","page","type-page","status-publish","hentry"],"translation":{"provider":"WPGlobus","version":"3.0.2","language":"en","enabled_languages":["it","en"],"languages":{"it":{"title":true,"content":true,"excerpt":false},"en":{"title":false,"content":false,"excerpt":false}}},"acf":[],"yoast_head":"<!-- This site is optimized with the Yoast SEO plugin v27.0 - https:\/\/yoast.com\/product\/yoast-seo-wordpress\/ -->\n<title>Oggetti smarriti - Adriabus<\/title>\n<meta name=\"robots\" content=\"index, follow, max-snippet:-1, max-image-preview:large, max-video-preview:-1\" \/>\n<link rel=\"canonical\" href=\"https:\/\/www.adriabus.eu\/oggetti-smarriti\/\" \/>\n<meta property=\"og:locale\" content=\"en_US\" \/>\n<meta property=\"og:type\" content=\"article\" \/>\n<meta property=\"og:title\" content=\"Oggetti smarriti - Adriabus\" \/>\n<meta property=\"og:url\" content=\"https:\/\/www.adriabus.eu\/oggetti-smarriti\/\" \/>\n<meta property=\"og:site_name\" content=\"Adriabus\" \/>\n<meta property=\"article:modified_time\" content=\"2021-02-17T13:24:27+00:00\" \/>\n<meta property=\"og:image\" content=\"https:\/\/www.adriabus.eu\/wp-content\/uploads\/2020\/05\/header-1.png\" \/>\n\t<meta property=\"og:image:width\" content=\"1930\" \/>\n\t<meta property=\"og:image:height\" content=\"545\" \/>\n\t<meta property=\"og:image:type\" content=\"image\/png\" \/>\n<meta name=\"twitter:card\" content=\"summary_large_image\" \/>\n<meta name=\"twitter:label1\" content=\"Est. reading time\" \/>\n\t<meta name=\"twitter:data1\" content=\"1 minute\" \/>\n<script type=\"application\/ld+json\" class=\"yoast-schema-graph\">{\"@context\":\"https:\/\/schema.org\",\"@graph\":[{\"@type\":\"WebPage\",\"@id\":\"https:\/\/www.adriabus.eu\/oggetti-smarriti\/\",\"url\":\"https:\/\/www.adriabus.eu\/oggetti-smarriti\/\",\"name\":\"Oggetti smarriti - Adriabus\",\"isPartOf\":{\"@id\":\"https:\/\/www.adriabus.eu\/#website\"},\"datePublished\":\"2020-05-29T10:18:47+00:00\",\"dateModified\":\"2021-02-17T13:24:27+00:00\",\"breadcrumb\":{\"@id\":\"https:\/\/www.adriabus.eu\/oggetti-smarriti\/#breadcrumb\"},\"inLanguage\":\"en-US\",\"potentialAction\":[{\"@type\":\"ReadAction\",\"target\":[\"https:\/\/www.adriabus.eu\/oggetti-smarriti\/\"]}]},{\"@type\":\"BreadcrumbList\",\"@id\":\"https:\/\/www.adriabus.eu\/oggetti-smarriti\/#breadcrumb\",\"itemListElement\":[{\"@type\":\"ListItem\",\"position\":1,\"name\":\"Home\",\"item\":\"https:\/\/www.adriabus.eu\/\"},{\"@type\":\"ListItem\",\"position\":2,\"name\":\"Oggetti smarriti\"}]},{\"@type\":\"WebSite\",\"@id\":\"https:\/\/www.adriabus.eu\/#website\",\"url\":\"https:\/\/www.adriabus.eu\/\",\"name\":\"Adriabus\",\"description\":\"\",\"publisher\":{\"@id\":\"https:\/\/www.adriabus.eu\/#organization\"},\"potentialAction\":[{\"@type\":\"SearchAction\",\"target\":{\"@type\":\"EntryPoint\",\"urlTemplate\":\"https:\/\/www.adriabus.eu\/?s={search_term_string}\"},\"query-input\":{\"@type\":\"PropertyValueSpecification\",\"valueRequired\":true,\"valueName\":\"search_term_string\"}}],\"inLanguage\":\"en-US\"},{\"@type\":\"Organization\",\"@id\":\"https:\/\/www.adriabus.eu\/#organization\",\"name\":\"Adriabus\",\"url\":\"https:\/\/www.adriabus.eu\/\",\"logo\":{\"@type\":\"ImageObject\",\"inLanguage\":\"en-US\",\"@id\":\"https:\/\/www.adriabus.eu\/#\/schema\/logo\/image\/\",\"url\":\"https:\/\/www.adriabus.eu\/wp-content\/uploads\/2020\/05\/adriabus-logos_transparent.png\",\"contentUrl\":\"https:\/\/www.adriabus.eu\/wp-content\/uploads\/2020\/05\/adriabus-logos_transparent.png\",\"width\":283,\"height\":69,\"caption\":\"Adriabus\"},\"image\":{\"@id\":\"https:\/\/www.adriabus.eu\/#\/schema\/logo\/image\/\"}}]}<\/script>\n<!-- \/ Yoast SEO plugin. -->","yoast_head_json":{"title":"Oggetti smarriti - Adriabus","robots":{"index":"index","follow":"follow","max-snippet":"max-snippet:-1","max-image-preview":"max-image-preview:large","max-video-preview":"max-video-preview:-1"},"canonical":"https:\/\/www.adriabus.eu\/oggetti-smarriti\/","og_locale":"en_US","og_type":"article","og_title":"Oggetti smarriti - Adriabus","og_url":"https:\/\/www.adriabus.eu\/oggetti-smarriti\/","og_site_name":"Adriabus","article_modified_time":"2021-02-17T13:24:27+00:00","og_image":[{"width":1930,"height":545,"url":"https:\/\/www.adriabus.eu\/wp-content\/uploads\/2020\/05\/header-1.png","type":"image\/png"}],"twitter_card":"summary_large_image","twitter_misc":{"Est. reading time":"1 minute"},"schema":{"@context":"https:\/\/schema.org","@graph":[{"@type":"WebPage","@id":"https:\/\/www.adriabus.eu\/oggetti-smarriti\/","url":"https:\/\/www.adriabus.eu\/oggetti-smarriti\/","name":"Oggetti smarriti - Adriabus","isPartOf":{"@id":"https:\/\/www.adriabus.eu\/#website"},"datePublished":"2020-05-29T10:18:47+00:00","dateModified":"2021-02-17T13:24:27+00:00","breadcrumb":{"@id":"https:\/\/www.adriabus.eu\/oggetti-smarriti\/#breadcrumb"},"inLanguage":"en-US","potentialAction":[{"@type":"ReadAction","target":["https:\/\/www.adriabus.eu\/oggetti-smarriti\/"]}]},{"@type":"BreadcrumbList","@id":"https:\/\/www.adriabus.eu\/oggetti-smarriti\/#breadcrumb","itemListElement":[{"@type":"ListItem","position":1,"name":"Home","item":"https:\/\/www.adriabus.eu\/"},{"@type":"ListItem","position":2,"name":"Oggetti smarriti"}]},{"@type":"WebSite","@id":"https:\/\/www.adriabus.eu\/#website","url":"https:\/\/www.adriabus.eu\/","name":"Adriabus","description":"","publisher":{"@id":"https:\/\/www.adriabus.eu\/#organization"},"potentialAction":[{"@type":"SearchAction","target":{"@type":"EntryPoint","urlTemplate":"https:\/\/www.adriabus.eu\/?s={search_term_string}"},"query-input":{"@type":"PropertyValueSpecification","valueRequired":true,"valueName":"search_term_string"}}],"inLanguage":"en-US"},{"@type":"Organization","@id":"https:\/\/www.adriabus.eu\/#organization","name":"Adriabus","url":"https:\/\/www.adriabus.eu\/","logo":{"@type":"ImageObject","inLanguage":"en-US","@id":"https:\/\/www.adriabus.eu\/#\/schema\/logo\/image\/","url":"https:\/\/www.adriabus.eu\/wp-content\/uploads\/2020\/05\/adriabus-logos_transparent.png","contentUrl":"https:\/\/www.adriabus.eu\/wp-content\/uploads\/2020\/05\/adriabus-logos_transparent.png","width":283,"height":69,"caption":"Adriabus"},"image":{"@id":"https:\/\/www.adriabus.eu\/#\/schema\/logo\/image\/"}}]}},"_links":{"self":[{"href":"https:\/\/www.adriabus.eu\/en\/wp-json\/wp\/v2\/pages\/196","targetHints":{"allow":["GET"]}}],"collection":[{"href":"https:\/\/www.adriabus.eu\/en\/wp-json\/wp\/v2\/pages"}],"about":[{"href":"https:\/\/www.adriabus.eu\/en\/wp-json\/wp\/v2\/types\/page"}],"author":[{"embeddable":true,"href":"https:\/\/www.adriabus.eu\/en\/wp-json\/wp\/v2\/users\/1"}],"replies":[{"embeddable":true,"href":"https:\/\/www.adriabus.eu\/en\/wp-json\/wp\/v2\/comments?post=196"}],"version-history":[{"count":3,"href":"https:\/\/www.adriabus.eu\/en\/wp-json\/wp\/v2\/pages\/196\/revisions"}],"predecessor-version":[{"id":232,"href":"https:\/\/www.adriabus.eu\/en\/wp-json\/wp\/v2\/pages\/196\/revisions\/232"}],"wp:attachment":[{"href":"https:\/\/www.adriabus.eu\/en\/wp-json\/wp\/v2\/media?parent=196"}],"curies":[{"name":"wp","href":"https:\/\/api.w.org\/{rel}","templated":true}]}}