{"id":152,"date":"2020-05-29T10:26:32","date_gmt":"2020-05-29T08:26:32","guid":{"rendered":"http:\/\/adriabus.e-lios.eu\/?page_id=152"},"modified":"2025-12-18T13:18:53","modified_gmt":"2025-12-18T12:18:53","slug":"biglietti","status":"publish","type":"page","link":"https:\/\/www.adriabus.eu\/en\/biglietti\/","title":{"rendered":"Biglietti"},"content":{"rendered":"<p>Adriabus Soc. Cons a r.l. permette ai suoi clienti di acquistare diversi tipi di biglietto.<\/p>\n<h3>BIGLIETTO EXTRAURBANO<\/h3>\n<p>Consente di viaggiare anche con pi\u00f9 mezzi nell\u2019ambito della tariffa acquistata (a \u2013 b- c- d- e\u2026ecc) riportata sul titolo. Devono essere convalidati appena saliti sul bus\u00a0nell\u2019apposito validatore. Il biglietto \u00e8 valido solo per la tratta\/tariffa acquistata.<\/p>\n<h3>BIGLIETTO URBANO<\/h3>\n<p>Consente di viaggiare nell\u2019area urbana di Fano, Pesaro o Urbino. Nell\u2019ambito dei biglietti urbani sono previsti:<\/p>\n<ul>\n<li>BIGLIETTO ORARIO con validit\u00e0 di 60 minuti dal momento della convalida.<\/li>\n<li>BIGLIETTO BI-ORARIO con validit\u00e0 di 120 minuti dal momento della convalida.<\/li>\n<li>BIGLIETTO GIORNALIERO con validit\u00e0 giornaliera dal momento della convalida.<\/li>\n<li>CARNET DI 10 BIGLIETTI ORARI blocchetto di 10 biglietti orari, ad un prezzo scontato.<\/li>\n<\/ul>\n<h3>BIGLIETTO CARTACEO<\/h3>\n<p>Acquistabile presso le nostre biglietterie, punti emissione o rivendite. Il cliente \u00e8 tenuto ad acquistare il biglietto nelle rivendite a terra e deve provvedere immediatamente ad obliterarlo nell\u2019apposita macchinetta a bordo degli autobus. Eventuali guasti alle macchinette obliteratrici devono essere segnalati al conducente.<\/p>\n<h3>BIGLIETTI DA APP ADRIABUS O MOONEYGO<\/h3>\n<h4>Orari, biglietti e abbonamenti di bus in un\u2019App<\/h4>\n<p>Le app Adriabus o MOONEYGO sono le uniche applicazioni che ti permettono di ricercare le migliori soluzioni di viaggio, integrando bus e treno, acquistare biglietti e abbonamenti e pagare la sosta in molte citt\u00e0. L\u2019applicazione \u00e8 gratuita e senza costi aggiuntivi..<\/p>\n<h4>Pianifica il tuo viaggio<\/h4>\n<p>Scarica l\u2019App Adriabus o MOONEYGO disponibile su App Store, Google Play e Windows Phone. \u00a0All\u2019interno della sezione <strong>Trasporto<\/strong>, seleziona <strong>Soluzioni di viaggio<\/strong> ed inserisci l\u2019indirizzo di partenza e quello di arrivo: l\u2019App ti suggerir\u00e0 la soluzione migliore per muoverti, integrando le linee di Adriabus con treni e altri operatori. Nella sezione <strong>Tabelloni Orari<\/strong>\u00a0leggi gli orari e trovi le fermate intorno a te.<\/p>\n<p>&nbsp;<\/p>\n<h4>Acquista biglietti e abbonamenti<\/h4>\n<p>Le App Adriabus o MOONEYGO ti permettono di acquistare biglietti e abbonamenti. I titoli di viaggio non posso essere trasferiti, pertanto \u00e8 necessario acquistarli dal cellulare del diretto interessato.<\/p>\n<p>Per farlo dall&#8217;<strong>App ADRIABUS<\/strong> accedi alla sezione<strong> Acquista<\/strong> e scegli il tuo titolo di viaggio, tra Abbonamenti e Biglietto Extraurbano o Urbano.<\/p>\n<p>Dall&#8217;<strong>App Mooneygo<\/strong> accedi alla sezione <strong>Biglietteria<\/strong> e seleziona il vettore Adriabus. Se sei gi\u00e0 un abbonato puoi inserire il numero della tua tessera per rinnovare il titolo direttamente da App, altrimenti seleziona il biglietto desiderato e procedi al pagamento. \u00c8 possibile pagare con Carta di Credito (Visa e Mastercard), Bemoov, Satispay, Paypal o in contanti presso tutte le ricevitorie SisalPay. I titoli acquistati verranno scaricati all\u2019interno dell\u2019App nella sezione Trasporto.<\/p>\n<h4>Viaggia<\/h4>\n<p>Il titolo online, va attivato manualmente premendo il pulsante Attiva prima di salire sul mezzo. Partir\u00e0 un timer di 60 secondi, senza la necessit\u00e0 di scansionare il Qrcode a bordo del bus. Terminati i 60 secondi il titolo risulter\u00e0 effettivamente attivo.<\/p>\n<p>In caso di mancata attivazione si incorre nella sanzione amministrativa prevista dalla L.R. 12\/09<\/p>\n<p>Per gli abbonamenti non \u00e8 necessaria alcuna validazione.<\/p>\n<p>&nbsp;<\/p>\n<p>Per ulteriori necessit\u00e0 su App Adriabus o MOONEYGO:<br \/>\nCall center:\u00a0+39 071 920 7000<br \/>\nE-mail: servizioclienti@mycicero.it<\/p>\n<p><strong>E\u2019 necessario convalidare il biglietto prima di salire in vettura (in caso di biglietto on-line) o obliterarlo appena saliti in vettura (in caso di bigietto cartaceo). <\/strong>\u00a0L\u2019uso irregolare e\/o la contraffazione del biglietto \u00e8 passibile delle sanzioni di legge.<\/p>\n","protected":false},"excerpt":{"rendered":"<p>Adriabus Soc. Cons a r.l. permette ai suoi clienti di acquistare diversi tipi di biglietto. BIGLIETTO EXTRAURBANO Consente di viaggiare anche con pi\u00f9 mezzi nell\u2019ambito [&#8230;]<\/p>\n","protected":false},"author":1,"featured_media":0,"parent":0,"menu_order":0,"comment_status":"closed","ping_status":"closed","template":"","meta":{"_acf_changed":false,"footnotes":""},"class_list":["post-152","page","type-page","status-publish","hentry"],"translation":{"provider":"WPGlobus","version":"3.0.2","language":"en","enabled_languages":["it","en"],"languages":{"it":{"title":true,"content":true,"excerpt":false},"en":{"title":false,"content":false,"excerpt":false}}},"acf":[],"yoast_head":"<!-- This site is optimized with the Yoast SEO plugin v27.0 - https:\/\/yoast.com\/product\/yoast-seo-wordpress\/ -->\n<title>Biglietti - Adriabus<\/title>\n<meta name=\"robots\" content=\"index, follow, max-snippet:-1, max-image-preview:large, max-video-preview:-1\" \/>\n<link rel=\"canonical\" href=\"https:\/\/www.adriabus.eu\/biglietti\/\" \/>\n<meta property=\"og:locale\" content=\"en_US\" \/>\n<meta property=\"og:type\" content=\"article\" \/>\n<meta property=\"og:title\" content=\"Biglietti - Adriabus\" \/>\n<meta property=\"og:url\" content=\"https:\/\/www.adriabus.eu\/biglietti\/\" \/>\n<meta property=\"og:site_name\" content=\"Adriabus\" \/>\n<meta property=\"article:modified_time\" content=\"2025-12-18T12:18:53+00:00\" \/>\n<meta property=\"og:image\" content=\"https:\/\/www.adriabus.eu\/wp-content\/uploads\/2020\/05\/header-1.png\" \/>\n\t<meta property=\"og:image:width\" content=\"1930\" \/>\n\t<meta property=\"og:image:height\" content=\"545\" \/>\n\t<meta property=\"og:image:type\" content=\"image\/png\" \/>\n<meta name=\"twitter:card\" content=\"summary_large_image\" \/>\n<meta name=\"twitter:label1\" content=\"Est. reading time\" \/>\n\t<meta name=\"twitter:data1\" content=\"3 minutes\" \/>\n<script type=\"application\/ld+json\" class=\"yoast-schema-graph\">{\"@context\":\"https:\/\/schema.org\",\"@graph\":[{\"@type\":\"WebPage\",\"@id\":\"https:\/\/www.adriabus.eu\/biglietti\/\",\"url\":\"https:\/\/www.adriabus.eu\/biglietti\/\",\"name\":\"Biglietti - Adriabus\",\"isPartOf\":{\"@id\":\"https:\/\/www.adriabus.eu\/#website\"},\"datePublished\":\"2020-05-29T08:26:32+00:00\",\"dateModified\":\"2025-12-18T12:18:53+00:00\",\"breadcrumb\":{\"@id\":\"https:\/\/www.adriabus.eu\/biglietti\/#breadcrumb\"},\"inLanguage\":\"en-US\",\"potentialAction\":[{\"@type\":\"ReadAction\",\"target\":[\"https:\/\/www.adriabus.eu\/biglietti\/\"]}]},{\"@type\":\"BreadcrumbList\",\"@id\":\"https:\/\/www.adriabus.eu\/biglietti\/#breadcrumb\",\"itemListElement\":[{\"@type\":\"ListItem\",\"position\":1,\"name\":\"Home\",\"item\":\"https:\/\/www.adriabus.eu\/\"},{\"@type\":\"ListItem\",\"position\":2,\"name\":\"Biglietti\"}]},{\"@type\":\"WebSite\",\"@id\":\"https:\/\/www.adriabus.eu\/#website\",\"url\":\"https:\/\/www.adriabus.eu\/\",\"name\":\"Adriabus\",\"description\":\"\",\"publisher\":{\"@id\":\"https:\/\/www.adriabus.eu\/#organization\"},\"potentialAction\":[{\"@type\":\"SearchAction\",\"target\":{\"@type\":\"EntryPoint\",\"urlTemplate\":\"https:\/\/www.adriabus.eu\/?s={search_term_string}\"},\"query-input\":{\"@type\":\"PropertyValueSpecification\",\"valueRequired\":true,\"valueName\":\"search_term_string\"}}],\"inLanguage\":\"en-US\"},{\"@type\":\"Organization\",\"@id\":\"https:\/\/www.adriabus.eu\/#organization\",\"name\":\"Adriabus\",\"url\":\"https:\/\/www.adriabus.eu\/\",\"logo\":{\"@type\":\"ImageObject\",\"inLanguage\":\"en-US\",\"@id\":\"https:\/\/www.adriabus.eu\/#\/schema\/logo\/image\/\",\"url\":\"https:\/\/www.adriabus.eu\/wp-content\/uploads\/2020\/05\/adriabus-logos_transparent.png\",\"contentUrl\":\"https:\/\/www.adriabus.eu\/wp-content\/uploads\/2020\/05\/adriabus-logos_transparent.png\",\"width\":283,\"height\":69,\"caption\":\"Adriabus\"},\"image\":{\"@id\":\"https:\/\/www.adriabus.eu\/#\/schema\/logo\/image\/\"}}]}<\/script>\n<!-- \/ Yoast SEO plugin. -->","yoast_head_json":{"title":"Biglietti - Adriabus","robots":{"index":"index","follow":"follow","max-snippet":"max-snippet:-1","max-image-preview":"max-image-preview:large","max-video-preview":"max-video-preview:-1"},"canonical":"https:\/\/www.adriabus.eu\/biglietti\/","og_locale":"en_US","og_type":"article","og_title":"Biglietti - Adriabus","og_url":"https:\/\/www.adriabus.eu\/biglietti\/","og_site_name":"Adriabus","article_modified_time":"2025-12-18T12:18:53+00:00","og_image":[{"width":1930,"height":545,"url":"https:\/\/www.adriabus.eu\/wp-content\/uploads\/2020\/05\/header-1.png","type":"image\/png"}],"twitter_card":"summary_large_image","twitter_misc":{"Est. reading time":"3 minutes"},"schema":{"@context":"https:\/\/schema.org","@graph":[{"@type":"WebPage","@id":"https:\/\/www.adriabus.eu\/biglietti\/","url":"https:\/\/www.adriabus.eu\/biglietti\/","name":"Biglietti - Adriabus","isPartOf":{"@id":"https:\/\/www.adriabus.eu\/#website"},"datePublished":"2020-05-29T08:26:32+00:00","dateModified":"2025-12-18T12:18:53+00:00","breadcrumb":{"@id":"https:\/\/www.adriabus.eu\/biglietti\/#breadcrumb"},"inLanguage":"en-US","potentialAction":[{"@type":"ReadAction","target":["https:\/\/www.adriabus.eu\/biglietti\/"]}]},{"@type":"BreadcrumbList","@id":"https:\/\/www.adriabus.eu\/biglietti\/#breadcrumb","itemListElement":[{"@type":"ListItem","position":1,"name":"Home","item":"https:\/\/www.adriabus.eu\/"},{"@type":"ListItem","position":2,"name":"Biglietti"}]},{"@type":"WebSite","@id":"https:\/\/www.adriabus.eu\/#website","url":"https:\/\/www.adriabus.eu\/","name":"Adriabus","description":"","publisher":{"@id":"https:\/\/www.adriabus.eu\/#organization"},"potentialAction":[{"@type":"SearchAction","target":{"@type":"EntryPoint","urlTemplate":"https:\/\/www.adriabus.eu\/?s={search_term_string}"},"query-input":{"@type":"PropertyValueSpecification","valueRequired":true,"valueName":"search_term_string"}}],"inLanguage":"en-US"},{"@type":"Organization","@id":"https:\/\/www.adriabus.eu\/#organization","name":"Adriabus","url":"https:\/\/www.adriabus.eu\/","logo":{"@type":"ImageObject","inLanguage":"en-US","@id":"https:\/\/www.adriabus.eu\/#\/schema\/logo\/image\/","url":"https:\/\/www.adriabus.eu\/wp-content\/uploads\/2020\/05\/adriabus-logos_transparent.png","contentUrl":"https:\/\/www.adriabus.eu\/wp-content\/uploads\/2020\/05\/adriabus-logos_transparent.png","width":283,"height":69,"caption":"Adriabus"},"image":{"@id":"https:\/\/www.adriabus.eu\/#\/schema\/logo\/image\/"}}]}},"_links":{"self":[{"href":"https:\/\/www.adriabus.eu\/en\/wp-json\/wp\/v2\/pages\/152","targetHints":{"allow":["GET"]}}],"collection":[{"href":"https:\/\/www.adriabus.eu\/en\/wp-json\/wp\/v2\/pages"}],"about":[{"href":"https:\/\/www.adriabus.eu\/en\/wp-json\/wp\/v2\/types\/page"}],"author":[{"embeddable":true,"href":"https:\/\/www.adriabus.eu\/en\/wp-json\/wp\/v2\/users\/1"}],"replies":[{"embeddable":true,"href":"https:\/\/www.adriabus.eu\/en\/wp-json\/wp\/v2\/comments?post=152"}],"version-history":[{"count":13,"href":"https:\/\/www.adriabus.eu\/en\/wp-json\/wp\/v2\/pages\/152\/revisions"}],"predecessor-version":[{"id":10196,"href":"https:\/\/www.adriabus.eu\/en\/wp-json\/wp\/v2\/pages\/152\/revisions\/10196"}],"wp:attachment":[{"href":"https:\/\/www.adriabus.eu\/en\/wp-json\/wp\/v2\/media?parent=152"}],"curies":[{"name":"wp","href":"https:\/\/api.w.org\/{rel}","templated":true}]}}